{"id":22645,"date":"2017-03-19T17:43:11","date_gmt":"2017-03-19T16:43:11","guid":{"rendered":"http:\/\/localhost\/sandretto\/web\/partners\/"},"modified":"2024-11-14T11:29:32","modified_gmt":"2024-11-14T09:29:32","slug":"partners","status":"publish","type":"page","link":"https:\/\/fsrr.org\/en\/partners\/","title":{"rendered":"Partners"},"content":{"rendered":"<div class=\"oi-block oi-block-hero\" ><div class=\"hero\">\n            <div class=\"image-container\">\n            <img decoding=\"async\" src=\"https:\/\/fsrr.org\/wp-content\/uploads\/hero-contatto.jpg\" alt=\"Partners\" class=\"featured-image\" \/>\n        <\/div>\n        <div class=\"container-fluid flex-grow-1\">\n        <div class=\"offset-lg-1 col-12 col-lg-10 d-flex justify-content-between align-items-lg-center flex-column flex-lg-row flex-grow-1 h-100 py-5\">\n            <div class=\"title-container\">\n                <h1 class=\"text-uppercase font-weight-bold\">Partners<\/h1>\n                <div class=\"line\"><\/div>\n                            <\/div>\n            <div class=\"content-container\">\n                            <\/div>\n        <\/div>\n    <\/div>\n<\/div><\/div>\n\n<div class=\"oi-block oi-block-layout-container container-fluid\" style=\"\"  >\n    <div class=\"oi-block oi-block-layout-row row  justify-content-center\">\n        \n<div class=\"oi-block oi-block-layout-row-column col-12 col-sm-12 col-md-12 col-lg-12 col-xl-11 col-xxl-10\" style=\"\" >\n\n<hr class=\"wp-block-separator has-text-color has-primary-color has-alpha-channel-opacity has-primary-background-color has-background\"\/>\n\n\n    <div class=\"oi-block oi-block-layout-space \" style=\"--oi-block-space-xs:50px; --oi-block-space-sm:50px; --oi-block-space-md:60px; --oi-block-space-lg:60px; --oi-block-space-xl:70px; --oi-block-space-xxl:70px\"><\/div>\n\n<\/div>\n\n<div class=\"oi-block oi-block-layout-row-column col-12 col-sm-12 col-md-12 col-lg-10 col-xl-8 col-xxl-6\" style=\"\" >\n\n<h2 class=\"wp-block-heading has-primary-color has-text-color has-link-color wp-elements-bce413bd579913bbe32ce341d26b8579\" style=\"font-style:normal;font-weight:700;text-transform:uppercase\">Regione Piemonte<\/h2>\n\n\n    <div class=\"oi-block oi-block-layout-space \" style=\"--oi-block-space-xs:30px; --oi-block-space-sm:30px; --oi-block-space-md:30px; --oi-block-space-lg:30px; --oi-block-space-xl:30px; --oi-block-space-xxl:30px\"><\/div>\n\n\n\n<p>La Regione Piemonte, nell\u2019assolvere al proprio ruolo di sostegno e promozione della cultura, ha individuato nell\u2019arte contemporanea uno degli assi primari della propria azione, contribuendo in modo sostanziale a connotare il territorio come punto di riferimento artistico a livello nazionale e internazionale, e agendo in modo diretto a concreto a favore di enti, fondazioni e associazioni.<\/p>\n\n\n    <div class=\"oi-block oi-block-layout-space \" style=\"--oi-block-space-xs:30px; --oi-block-space-sm:30px; --oi-block-space-md:30px; --oi-block-space-lg:30px; --oi-block-space-xl:30px; --oi-block-space-xxl:30px\"><\/div>\n\n\n\n<figure class=\"wp-block-image size-full\"><img alt=\"\" decoding=\"async\" src=\"https:\/\/fsrr.org\/wp-content\/uploads\/regione-piemonte-1.png\" alt=\"\" class=\"wp-image-42392\"\/><\/figure>\n\n\n    <div class=\"oi-block oi-block-layout-space \" style=\"--oi-block-space-xs:70px; --oi-block-space-sm:70px; --oi-block-space-md:80px; --oi-block-space-lg:80px; --oi-block-space-xl:100px; --oi-block-space-xxl:100px\"><\/div>\n\n\n\n<h2 class=\"wp-block-heading has-primary-color has-text-color has-link-color wp-elements-7e093fa5c21cfad82b285fd3b36a7ab3\" style=\"font-style:normal;font-weight:700;text-transform:uppercase\">Fondazione crt<\/h2>\n\n\n    <div class=\"oi-block oi-block-layout-space \" style=\"--oi-block-space-xs:30px; --oi-block-space-sm:30px; --oi-block-space-md:30px; --oi-block-space-lg:30px; --oi-block-space-xl:30px; --oi-block-space-xxl:30px\"><\/div>\n\n\n\n<p>La Fondazione CRT \u00e8 un ente privato non profit finalizzato alla crescita e allo sviluppo culturale, sociale ed economico del Piemonte e Valle d\u2019Aosta. Interviene nei settori chiave del territorio: Arte e Cultura, Ricerca e Istruzione, Welfare e Territorio. Nel campo dell\u2019arte ha istituito la Fondazione per l\u2019Arte Moderna e Contemporanea CRT per rafforzare il sistema metropolitano torinese sia attraverso l\u2019acquisto di opere destinate ad arricchire le collezioni permanenti della GAM e del Castello di Rivoli, sia attraverso la promozione di attivit\u00e0 espositive, di formazione, di educazione e di comunicazione.<\/p>\n\n\n    <div class=\"oi-block oi-block-layout-space \" style=\"--oi-block-space-xs:30px; --oi-block-space-sm:30px; --oi-block-space-md:30px; --oi-block-space-lg:30px; --oi-block-space-xl:30px; --oi-block-space-xxl:30px\"><\/div>\n\n\n\n<figure class=\"wp-block-image size-full\"><img alt=\"\" loading=\"lazy\" decoding=\"async\" width=\"500\" height=\"150\" src=\"https:\/\/fsrr.org\/wp-content\/uploads\/fondazione-crt.png\" alt=\"\" class=\"wp-image-30068\" srcset=\"https:\/\/fsrr.org\/wp-content\/uploads\/fondazione-crt.png 500w, https:\/\/fsrr.org\/wp-content\/uploads\/fondazione-crt-320x96.png 320w\" sizes=\"auto, (max-width: 500px) 100vw, 500px\" \/><\/figure>\n\n\n    <div class=\"oi-block oi-block-layout-space \" style=\"--oi-block-space-xs:70px; --oi-block-space-sm:70px; --oi-block-space-md:80px; --oi-block-space-lg:80px; --oi-block-space-xl:100px; --oi-block-space-xxl:100px\"><\/div>\n\n\n\n<h2 class=\"wp-block-heading has-primary-color has-text-color has-link-color wp-elements-36f53c9ef53b8f7d68be794a81ebbafe\" style=\"font-style:normal;font-weight:700;text-transform:uppercase\">FONDAZIONE COMPAGNIA DI SAN PAOLO<\/h2>\n\n\n    <div class=\"oi-block oi-block-layout-space \" style=\"--oi-block-space-xs:30px; --oi-block-space-sm:30px; --oi-block-space-md:30px; --oi-block-space-lg:30px; --oi-block-space-xl:30px; --oi-block-space-xxl:30px\"><\/div>\n\n\n\n<p>Dal 1563 operiamo per il bene comune, mettendo le persone al centro del proprio futuro.<br>La nostra esperienza ci ha insegnato che il benessere di ogni individuo \u00e8 strettamente connesso a quello della sua comunit\u00e0. Ecco perch\u00e9 gli Obiettivi di Sviluppo Sostenibile definiti dalle Nazioni Unite rappresentano per noi un\u2019occasione preziosa per allinearci a una programmazione internazionale: abbiamo raccolto questa sfida e ci siamo organizzati di conseguenza.<br>Il nostro impegno \u00e8 orientato a tre Obiettivi: Cultura, Persone e Pianeta, che si raggiungono tramite quattordici Missioni.<br>Ci impegniamo a conservare e far crescere il nostro patrimonio, per erogare contributi e sviluppare progetti al fianco delle istituzioni e in collaborazione con i nostri enti strumentali.<br>Questo il nostro impegno, per il bene comune e per il futuro di tutti.<br><a href=\"https:\/\/fsrr.org\/partners\/www.compagniadisanpaolo.it\" target=\"_blank\" rel=\"noreferrer noopener\">www.compagniadisanpaolo.it<\/a><\/p>\n\n\n    <div class=\"oi-block oi-block-layout-space \" style=\"--oi-block-space-xs:30px; --oi-block-space-sm:30px; --oi-block-space-md:30px; --oi-block-space-lg:30px; --oi-block-space-xl:30px; --oi-block-space-xxl:30px\"><\/div>\n\n\n\n<figure class=\"wp-block-image size-full is-resized\"><img alt=\"\" decoding=\"async\" src=\"https:\/\/fsrr.org\/wp-content\/uploads\/ES_CSP_logo-2020_RGB_Orizzontale-Positivo.jpg\" alt=\"\" class=\"wp-image-29891\" style=\"width:600px\"\/><\/figure>\n\n\n    <div class=\"oi-block oi-block-layout-space \" style=\"--oi-block-space-xs:70px; --oi-block-space-sm:70px; --oi-block-space-md:80px; --oi-block-space-lg:80px; --oi-block-space-xl:100px; --oi-block-space-xxl:100px\"><\/div>\n\n\n\n<h2 class=\"wp-block-heading has-primary-color has-text-color has-link-color wp-elements-c91f3d45abfd3bf591c03f5d6b40da7d\" style=\"font-style:normal;font-weight:700;text-transform:uppercase\">ASJA<\/h2>\n\n\n    <div class=\"oi-block oi-block-layout-space \" style=\"--oi-block-space-xs:30px; --oi-block-space-sm:30px; --oi-block-space-md:30px; --oi-block-space-lg:30px; --oi-block-space-xl:30px; --oi-block-space-xxl:30px\"><\/div>\n\n\n\n<p>Asja dal 1995 progetta, costruisce e gestisce impianti per la produzione di elettricit\u00e0 da biogas, eolico, fotovoltaico. I suoi impianti in Italia e all\u2019estero producono ogni anno l\u2019energia consumata da circa 800.000 persone. Con Totem Energy, Asja produce e commercializza i microcogeneratori ad alta efficienza TOTEM.<\/p>\n\n\n    <div class=\"oi-block oi-block-layout-space \" style=\"--oi-block-space-xs:30px; --oi-block-space-sm:30px; --oi-block-space-md:30px; --oi-block-space-lg:30px; --oi-block-space-xl:30px; --oi-block-space-xxl:30px\"><\/div>\n\n\n\n<figure class=\"wp-block-image size-full\"><img alt=\"\" decoding=\"async\" src=\"https:\/\/fsrr.org\/wp-content\/uploads\/asja-1.png\" alt=\"\" class=\"wp-image-42394\"\/><\/figure>\n\n\n    <div class=\"oi-block oi-block-layout-space \" style=\"--oi-block-space-xs:70px; --oi-block-space-sm:70px; --oi-block-space-md:80px; --oi-block-space-lg:80px; --oi-block-space-xl:100px; --oi-block-space-xxl:100px\"><\/div>\n\n<\/div>\n    <\/div>\n\n<\/div>\n\n\n<div style=\"background-image:url(&#039;https:\/\/fsrr.org\/wp-content\/uploads\/fsrr-sfondo-newsletter.jpg&#039;);background-size:cover;\" class=\"wp-block-group layer d-none-home is-layout-flow wp-block-group-is-layout-flow has-background\"><div class=\"oi-block oi-block-layout-container container-fluid\" style=\"\"  >\n    <div class=\"oi-block oi-block-layout-space \" style=\"--oi-block-space-xs:60px; --oi-block-space-sm:70px; --oi-block-space-md:80px; --oi-block-space-lg:90px; --oi-block-space-xl:100px; --oi-block-space-xxl:100px\"><\/div>\n\n\n    <div class=\"oi-block oi-block-layout-row row  justify-content-center\">\n        \n<div class=\"oi-block oi-block-layout-row-column col-12 col-sm-12 col-md-12 col-lg-11 col-xl-11 col-xxl-10\" style=\"\" >\n    <div class=\"oi-block oi-block-layout-row row  align-items-center\">\n        \n<div class=\"oi-block oi-block-layout-row-column col-12 col-sm-12 col-md-12 col-lg-6 col-xl-6 col-xxl-6\" style=\"\" >\n\n<h2 class=\"wp-block-heading has-headingSize-h1 has-white-oi-color has-text-color has-link-color h1 wp-elements-cac0ef00906910ba1861464a2fb1d47d\" style=\"font-style:normal;font-weight:700;text-transform:uppercase\">Subscribe to our newsletter for more news<\/h2>\n\n\n    <div class=\"oi-block oi-block-layout-space \" style=\"--oi-block-space-xs:30px; --oi-block-space-sm:30px; --oi-block-space-md:30px; --oi-block-space-lg:px; --oi-block-space-xl:px; --oi-block-space-xxl:px\"><\/div>\n\n<\/div>\n\n<div class=\"oi-block oi-block-layout-row-column d-flex justify-content-lg-end col-12 col-sm-12 col-md-12 col-lg-6 col-xl-6 col-xxl-6\" style=\"\" >\n\n<div class=\"wp-block-group is-layout-flow wp-block-group-is-layout-flow\"><div class=\"oi-block oi-block-layout-button\" ><a style=\"min-width:290px\" href=\"#modulo-en-newsletter\" title=\"\" class=\"btn btn-white btn-type-default \" >\n    SUBSCRIBE    <\/a><\/div>\n\n\n<p class=\"has-text-align-center has-white-oi-color has-text-color has-link-color wp-elements-1e7b09b6400f3fb964b604877b8d82e6\">Newsletter information<\/p>\n<\/div>\n\n<\/div>\n    <\/div>\n\n<\/div>\n    <\/div>\n\n\n    <div class=\"oi-block oi-block-layout-space \" style=\"--oi-block-space-xs:60px; --oi-block-space-sm:70px; --oi-block-space-md:80px; --oi-block-space-lg:90px; --oi-block-space-xl:100px; --oi-block-space-xxl:100px\"><\/div>\n\n<\/div><\/div>\n","protected":false},"excerpt":{"rendered":"","protected":false},"author":11,"featured_media":0,"parent":0,"menu_order":0,"comment_status":"closed","ping_status":"closed","template":"","meta":{"_seopress_robots_primary_cat":"","_seopress_titles_title":"","_seopress_titles_desc":"","_seopress_robots_index":"","fixed_header":false,"header_theme":"dark","footnotes":""},"class_list":["post-22645","page","type-page","status-publish","hentry"],"_links":{"self":[{"href":"https:\/\/fsrr.org\/en\/wp-json\/wp\/v2\/pages\/22645","targetHints":{"allow":["GET"]}}],"collection":[{"href":"https:\/\/fsrr.org\/en\/wp-json\/wp\/v2\/pages"}],"about":[{"href":"https:\/\/fsrr.org\/en\/wp-json\/wp\/v2\/types\/page"}],"author":[{"embeddable":true,"href":"https:\/\/fsrr.org\/en\/wp-json\/wp\/v2\/users\/11"}],"replies":[{"embeddable":true,"href":"https:\/\/fsrr.org\/en\/wp-json\/wp\/v2\/comments?post=22645"}],"version-history":[{"count":4,"href":"https:\/\/fsrr.org\/en\/wp-json\/wp\/v2\/pages\/22645\/revisions"}],"predecessor-version":[{"id":43043,"href":"https:\/\/fsrr.org\/en\/wp-json\/wp\/v2\/pages\/22645\/revisions\/43043"}],"wp:attachment":[{"href":"https:\/\/fsrr.org\/en\/wp-json\/wp\/v2\/media?parent=22645"}],"curies":[{"name":"wp","href":"https:\/\/api.w.org\/{rel}","templated":true}]}}